{"id":23,"date":"2018-06-22T17:01:05","date_gmt":"2018-06-22T20:01:05","guid":{"rendered":"https:\/\/www.belotiinfo.com.br\/?page_id=23"},"modified":"2024-08-19T17:20:37","modified_gmt":"2024-08-19T20:20:37","slug":"solucoes","status":"publish","type":"page","link":"https:\/\/www.belotiinfo.com.br\/index.php\/solucoes\/","title":{"rendered":"Gest\u00e3o em TI"},"content":{"rendered":"<p>A gest\u00e3o de Tecnologia da Informa\u00e7\u00e3o (TI) tem um papel estrat\u00e9gico e vital nas empresas modernas, que impulsiona a efici\u00eancia operacional, otimiza processos e possibilita a inova\u00e7\u00e3o.<\/p>\n<p>Por\u00e9m, mesmo com profissionais experientes atuando na \u00e1rea, alguns desafios s\u00e3o bastante recorrentes, exigindo<strong><b>\u00a0novas ferramentas<\/b><\/strong>\u00a0e abordagens para superar os obst\u00e1culos.<\/p>\n<p>E \u00e9 a\u00ed que surgem os\u00a0<strong><b>projetos\u00a0<\/b><\/strong>como um importante instrumento para coordenar as demandas e proporcionar melhorias cont\u00ednuas. Venha descobrir tudo sobre os projetos em gest\u00e3o de TI!<\/p>\n<h2 id=\"o-que-e-a-gestao-de-ti\">O que \u00e9 a gest\u00e3o de TI?<\/h2>\n<p>A gest\u00e3o de TI \u00e9 a \u00e1rea que\u00a0<strong><b>administra os recursos tecnol\u00f3gicos de uma organiza\u00e7\u00e3o de forma estrat\u00e9gica<\/b><\/strong>, buscando utiliz\u00e1-la de acordo com as metas e objetivos do neg\u00f3cio.<\/p>\n<p>Mas, al\u00e9m de controlar os recursos e manter os sistemas em funcionamento, a gest\u00e3o de TI busca tamb\u00e9m aprimorar os processos internos, garantir a integridade dos dados, e promover a efic\u00e1cia das opera\u00e7\u00f5es.<\/p>\n<p>Dessa forma, a\u00a0<strong><b>gest\u00e3o de TI ajuda as empresas a enfrentarem os desafios tecnol\u00f3gicos em um mundo cada vez mais digital<\/b><\/strong>, proporcionando uma vantagem competitiva no mercado e permitindo que a organiza\u00e7\u00e3o alcance seus objetivos de forma inovadora.<\/p>\n<h2 id=\"principais-desafios-da-gestao-de-ti\">Principais desafios da gest\u00e3o de TI<\/h2>\n<p><strong>A gest\u00e3o de TI envolve o planejamento, organiza\u00e7\u00e3o e controle dos processos de TI.<\/strong>\u00a0Isso, por si s\u00f3, j\u00e1 \u00e9 um trabalho bastante exigente, mas n\u00e3o \u00e9 s\u00f3 isso. Em um cen\u00e1rio de constantes mudan\u00e7as tecnol\u00f3gicas e inova\u00e7\u00f5es di\u00e1rias, a lista de desafios desse setor \u00e9 extensa:<\/p>\n<h3 id=\"gerenciamento-de-dados\">Gerenciamento de dados<\/h3>\n<p>Com o aumento exponencial da quantidade de dados gerados pelas empresas, \u00e9 necess\u00e1rio adotar solu\u00e7\u00f5es eficientes para armazenamento, processamento e an\u00e1lise dos dados.<\/p>\n<h3 id=\"seguranca-da-informacao\">Seguran\u00e7a da Informa\u00e7\u00e3o<\/h3>\n<p>Com o aumento constante das amea\u00e7as cibern\u00e9ticas, a seguran\u00e7a da informa\u00e7\u00e3o \u00e9 uma das principais preocupa\u00e7\u00f5es da gest\u00e3o de TI. As empresas precisam garantir a prote\u00e7\u00e3o dos dados contra agentes externos e garantir o cumprimento de regulamenta\u00e7\u00f5es de privacidade, como a\u00a0<a href=\"https:\/\/www.lumiun.com\/blog\/atualizacoes-sobre-lgpd-o-que-mudou-desde-a-implementacao-da-lei-de-protecao-de-dados\/\" data-wpel-link=\"internal\"><u>Lei Geral de Prote\u00e7\u00e3o de Dados (LGPD)<\/u><\/a>.<\/p>\n<h3 id=\"infraestrutura-das-redes\">Infraestrutura das redes<\/h3>\n<p>A equipe de gest\u00e3o de TI deve garantir a disponibilidade, escalabilidade e desempenho dos sistemas e redes, evitando falhas que possam impactar negativamente a opera\u00e7\u00e3o do neg\u00f3cio.<\/p>\n<h3 id=\"atualizacao-tecnologica\">Atualiza\u00e7\u00e3o tecnol\u00f3gica<\/h3>\n<p>As empresas devem sempre estar atualizadas para permanecerem competitivas. Gerenciar a ado\u00e7\u00e3o de novas tecnologias e a substitui\u00e7\u00e3o de sistemas obsoletos \u00e9 um desafio que exige planejamento e investimentos estrat\u00e9gicos.<\/p>\n<p>Al\u00e9m disso, integrar tecnologias emergentes, como intelig\u00eancia artificial, internet das coisas (IoT) e computa\u00e7\u00e3o em nuvem, tamb\u00e9m requer habilidades de adapta\u00e7\u00e3o e inova\u00e7\u00e3o.<\/p>\n<p>Enfrentar esses desafios exige uma\u00a0<strong><b>abordagem estrat\u00e9gica, investimentos adequados e uma equipe bem-preparada<\/b><\/strong>. A\u00ed entra o<strong><b>\u00a0<\/b><\/strong><strong><u><b>gerenciamento de projetos<\/b><\/u><\/strong><strong><b>\u00a0<\/b><\/strong>de TI, que auxilia a lidar com restri\u00e7\u00f5es e garante maior colabora\u00e7\u00e3o na TI.<\/p>\n<p>Entenda mais:<\/p>\n<h2 id=\"como-montar-projetos-na-gestao-de-ti\">Como montar projetos na gest\u00e3o de TI<\/h2>\n<h3 id=\"1-entenda-os-objetivos-da-organizacao\">1. Entenda os objetivos da organiza\u00e7\u00e3o<\/h3>\n<p>O primeiro passo \u00e9 compreender claramente os objetivos da organiza\u00e7\u00e3o e as necessidades espec\u00edficas da \u00e1rea de TI. Atrav\u00e9s do di\u00e1logo, \u00e9 poss\u00edvel coletar informa\u00e7\u00f5es que nortear\u00e3o o projeto, como a\u00a0<strong><b>vis\u00e3o da alta dire\u00e7\u00e3o<\/b><\/strong>, as\u00a0<strong><b>expectativas dos clientes\u00a0<\/b><\/strong>e<strong><b>\u00a0metas a longo prazo<\/b><\/strong>.<\/p>\n<h3 id=\"2-defina-a-metodologia-de-projetos-a-ser-aplicada\">2. Defina a metodologia de projetos a ser aplicada<\/h3>\n<p>A escolha da metodologia de gerenciamento de projetos \u00e9 fundamental para orientar a execu\u00e7\u00e3o das atividades. Existem abordagens preditivas, \u00e1geis e h\u00edbridas, sendo cada uma indicada para um tipo de objetivo.<\/p>\n<p><strong><b>Mas, lembre-se!\u00a0<\/b><\/strong>Antes de definir a metodologia, \u00e9 importante considerar a natureza do projeto, a equipe envolvida e os prazos estabelecidos.<\/p>\n<h3 id=\"3-defina-o-escopo-do-projeto\">3. Defina o escopo do projeto<\/h3>\n<p>O\u00a0<u>escopo do projeto<\/u>\u00a0fornece direcionamento para todas as tarefas, por isso, ele deve ser claramente definido, detalhando os\u00a0<strong><b>objetivos<\/b><\/strong>, as\u00a0<strong><b>entregas<\/b><\/strong>\u00a0esperadas, os\u00a0<strong><b>requisitos<\/b><\/strong>, os\u00a0<strong><b>recursos dispon\u00edveis<\/b><\/strong>\u00a0e as\u00a0<strong><b>limita\u00e7\u00f5es\u00a0<\/b><\/strong>do projeto.<\/p>\n<p>Quer saber quais os itens essenciais de um bom planejamento de TI?<\/p>\n<h3 id=\"4-analise-a-viabilidade\">4. Analise a viabilidade<\/h3>\n<p>Antes de prosseguir com a execu\u00e7\u00e3o, \u00e9 importante realizar uma an\u00e1lise de viabilidade para compreender se o projeto \u00e9 realmente vi\u00e1vel em termos de\u00a0<strong><b>recursos, prazos e custos<\/b><\/strong>.<\/p>\n<p>Nessa fase, \u00e9 fundamental identificar poss\u00edveis riscos que afetem as etapas e planejar a\u00e7\u00f5es para mitig\u00e1-los.<\/p>\n<h3 id=\"5-coloque-o-planejamento-em-acao\">5- Coloque o planejamento em a\u00e7\u00e3o<\/h3>\n<p>Com o planejamento estruturado, inicia-se a execu\u00e7\u00e3o do projeto de fato. Nesta etapa, a equipe trabalha na implementa\u00e7\u00e3o das atividades definidas no plano, seguindo as diretrizes da metodologia escolhida.<\/p>\n<h3 id=\"6-utilize-a-tecnologia-a-seu-favor\">6- Utilize a tecnologia a seu favor<\/h3>\n<p>Em projetos de TI, a busca por seguran\u00e7a, integridade dos sistemas e usabilidade \u00e9 fundamental para o sucesso e a confiabilidade das solu\u00e7\u00f5es implementadas. Nesse sentido, contar com\u00a0<strong><b>sistemas e ferramentas de apoio<\/b><\/strong>\u00a0adequadas s\u00e3o uma escolha bastante inteligente e estrat\u00e9gica.<\/p>\n<p>Aqui \u00e9 interessante optar por sistemas que garantam a seguran\u00e7a cibern\u00e9tica, como a<strong><b>\u00a0<\/b><\/strong><a href=\"https:\/\/lumiundns.com\/pt\" target=\"_blank\" rel=\"external noopener\" data-wpel-link=\"external\"><strong><u><b>Lumiun DNS<\/b><\/u><\/strong><\/a><strong><b>,<\/b><\/strong>\u00a0que gerencia o acesso \u00e0 internet com uma estrutura em nuvem e de f\u00e1cil implementa\u00e7\u00e3o.<\/p>\n<h3 id=\"7-estabeleca-metricas-de-acompanhamento\">7. Estabele\u00e7a m\u00e9tricas de acompanhamento<\/h3>\n<p>A melhor maneira de ter certeza de que o projeto est\u00e1 saindo como o esperado \u00e9 analisar dados concretos, certo? Por isso, aqui, \u00e9 interessante que voc\u00ea delimite alguns\u00a0<strong><b>indicadores chave<\/b><\/strong> a serem monitorados continuamente.<\/p>\n<p>Ao seguir essas etapas, sua gest\u00e3o de TI estar\u00e1 mais preparada para montar projetos eficientes, que atendam \u00e0s necessidades da organiza\u00e7\u00e3o e entreguem resultados concretos.<\/p>\n<p>Mas, se voc\u00ea deseja ter projetos de gest\u00e3o de TI excelentes, al\u00e9m disso, \u00e9 fundamental\u00a0<strong><b>aprender com cada projeto conclu\u00eddo<\/b><\/strong>, identificando as li\u00e7\u00f5es aprendidas e registrando as oportunidades de melhoria para projetos futuros.<\/p>\n<p>Ent\u00e3o, veja como avaliar os projetos da TI:<\/p>\n<h2 id=\"como-avaliar-projetos-na-gestao-de-ti\">Como avaliar projetos na gest\u00e3o de TI?<\/h2>\n<p>Quando implementamos qualquer a\u00e7\u00e3o na empresa, esperamos alcan\u00e7ar algum resultado positivo. Ent\u00e3o, se os objetivos do projeto forem atingidos, podemos consider\u00e1-lo bem-sucedidos?<\/p>\n<p>Sim e n\u00e3o!<\/p>\n<p>Os projetos s\u00e3o empreendimentos\u00a0complexos e que\u00a0<strong><b>v\u00e3o muito al\u00e9m do que s\u00f3 o resultado<\/b><\/strong>. Para avaliar se seus projetos de gest\u00e3o de TI est\u00e3o indo bem, \u00e9 interessante avaliar crit\u00e9rios como:<\/p>\n<ul>\n<li><b><\/b><strong><b>Atendimento a requisitos legais e regulat\u00f3rios;<\/b><\/strong><\/li>\n<li><b><\/b><strong><b>Ades\u00e3o ao escopo e prazos definidos;<\/b><\/strong><\/li>\n<li><b><\/b><strong><b>Utiliza\u00e7\u00e3o adequada dos recursos;<\/b><\/strong><\/li>\n<li><b><\/b><strong><b>N\u00edvel de satisfa\u00e7\u00e3o dos usu\u00e1rios e clientes;<\/b><\/strong><\/li>\n<li><b><\/b><strong><b>Grau de inova\u00e7\u00e3o e diferencia\u00e7\u00e3o proporcionado pelo projeto;<\/b><\/strong><\/li>\n<li><b><\/b><strong><b>Alinhamento do projeto com a estrat\u00e9gia de TI e da empresa;<\/b><\/strong><\/li>\n<li><b><\/b><strong><b>Impacto nas opera\u00e7\u00f5es e resultados da empresa;<\/b><\/strong><\/li>\n<li><b><\/b><strong><b>Impacto nas rela\u00e7\u00f5es com parceiros e fornecedores.<\/b><\/strong><\/li>\n<\/ul>\n<p>Ter uma vis\u00e3o abrangente de todos esses crit\u00e9rios e conseguir monitorar seus projetos de perto \u00e9 a chave para o sucesso. Mas voc\u00ea sabe como fazer isso na pr\u00e1tica? N\u00e3o se preocupe, temos uma dica valiosa para voc\u00ea!<\/p>\n<h2 id=\"bonus-adote-uma-ferramenta-para-projetos-na-gestao-de-ti\">Adote uma ferramenta para projetos na gest\u00e3o de TI<\/h2>\n<p>Para garantir o sucesso da TI e acompanhar de perto cada aspecto essencial, a utiliza\u00e7\u00e3o de uma\u00a0<strong><u><b>ferramenta de gest\u00e3o de projetos<\/b><\/u><\/strong><strong><b>\u00a0<\/b><\/strong>\u00e9 solu\u00e7\u00e3o ideal. Um sistema de gerenciamento de projetos eficiente ajuda a centralizar informa\u00e7\u00f5es, facilita a comunica\u00e7\u00e3o entre as equipes, proporciona um melhor entendimento das demandas e ajuda a implementar a melhoria cont\u00ednua.<\/p>\n<p>Ao utiliz\u00e1-los \u00e9 poss\u00edvel obter diversos benef\u00edcios na gest\u00e3o de TI, como:<\/p>\n<ul>\n<li><b><\/b><strong><b>Centraliza\u00e7\u00e3o das informa\u00e7\u00f5es e documentos do projeto;<\/b><\/strong><\/li>\n<li><b><\/b><strong><b>Facilita\u00e7\u00e3o da comunica\u00e7\u00e3o entre a equipe;<\/b><\/strong><\/li>\n<li><b><\/b><strong><b>Acompanhamento em tempo real do progresso e status das atividades;<\/b><\/strong><\/li>\n<li><b><\/b><strong><b>Maior agilidade na tomada de decis\u00f5es;<\/b><\/strong><\/li>\n<li><b><\/b><strong><b>Possibilidade de automa\u00e7\u00e3o de tarefas repetitivas;<\/b><\/strong><\/li>\n<li><b><\/b><strong><b>Melhoria na colabora\u00e7\u00e3o entre as equipes;<\/b><\/strong><\/li>\n<li><b><\/b><strong><b>Maior controle sobre prazos e recursos.<\/b><\/strong><\/li>\n<\/ul>\n<p>Agora que voc\u00ea j\u00e1 sabe toda a import\u00e2ncia dos projetos na gest\u00e3o de TI, aprofunde seus conhecimentos e garanta uma gest\u00e3o de TI ainda mais eficaz<strong><b>.<\/b><\/strong><\/p>\n","protected":false},"excerpt":{"rendered":"<p>A gest\u00e3o de Tecnologia da Informa\u00e7\u00e3o (TI) tem um papel estrat\u00e9gico e vital nas empresas modernas, que impulsiona a efici\u00eancia operacional, otimiza processos e possibilita a inova\u00e7\u00e3o. Por\u00e9m, mesmo com profissionais experientes atuando na \u00e1rea, alguns desafios s\u00e3o bastante recorrentes, exigindo\u00a0novas ferramentas\u00a0e abordagens para superar os obst\u00e1culos. E \u00e9 a\u00ed que surgem os\u00a0projetos\u00a0como um importante&hellip; <br \/> <a class=\"button small blue\" href=\"https:\/\/www.belotiinfo.com.br\/index.php\/solucoes\/\">Leia mais<\/a><\/p>\n","protected":false},"author":1,"featured_media":0,"parent":0,"menu_order":0,"comment_status":"closed","ping_status":"closed","template":"Page-fullwidth.php","meta":{"footnotes":""},"class_list":["post-23","page","type-page","status-publish","hentry"],"_links":{"self":[{"href":"https:\/\/www.belotiinfo.com.br\/index.php\/wp-json\/wp\/v2\/pages\/23"}],"collection":[{"href":"https:\/\/www.belotiinfo.com.br\/index.php\/wp-json\/wp\/v2\/pages"}],"about":[{"href":"https:\/\/www.belotiinfo.com.br\/index.php\/wp-json\/wp\/v2\/types\/page"}],"author":[{"embeddable":true,"href":"https:\/\/www.belotiinfo.com.br\/index.php\/wp-json\/wp\/v2\/users\/1"}],"replies":[{"embeddable":true,"href":"https:\/\/www.belotiinfo.com.br\/index.php\/wp-json\/wp\/v2\/comments?post=23"}],"version-history":[{"count":5,"href":"https:\/\/www.belotiinfo.com.br\/index.php\/wp-json\/wp\/v2\/pages\/23\/revisions"}],"predecessor-version":[{"id":686,"href":"https:\/\/www.belotiinfo.com.br\/index.php\/wp-json\/wp\/v2\/pages\/23\/revisions\/686"}],"wp:attachment":[{"href":"https:\/\/www.belotiinfo.com.br\/index.php\/wp-json\/wp\/v2\/media?parent=23"}],"curies":[{"name":"wp","href":"https:\/\/api.w.org\/{rel}","templated":true}]}}