{"id":20,"date":"2018-06-22T16:59:36","date_gmt":"2018-06-22T19:59:36","guid":{"rendered":"https:\/\/www.belotiinfo.com.br\/?page_id=20"},"modified":"2023-12-26T13:33:44","modified_gmt":"2023-12-26T16:33:44","slug":"servicos","status":"publish","type":"page","link":"https:\/\/www.belotiinfo.com.br\/index.php\/servicos\/","title":{"rendered":"Servi\u00e7os"},"content":{"rendered":"<h1 class=\"v1 h1\">Cria\u00e7\u00e3o de Sites<\/h1>\n<p>O site de uma empresa deixou de ser apenas uma vitrine virtual faz tempo. Hoje, al\u00e9m de expor os produtos e servi\u00e7os ele deve gerar neg\u00f3cios, ser um canal de comunica\u00e7\u00e3o com clientes e fornecedores, aparecer nos sistemas de busca e muito mais. As empresas precisam de uma ag\u00eancia que n\u00e3o s\u00f3 saibam como fazer, mas entendam e mostrem ao cliente as possibilidades do meio.<\/p>\n<h2 class=\"v2\">Diferenciais<\/h2>\n<h3 class=\"v3\">Design<\/h3>\n<p>Contamos com designers para fazer com que o site n\u00e3o apenas comunique, mas tamb\u00e9m encante quem acessa.<\/p>\n<h3 class=\"v3\">Responsivo<\/h3>\n<p>Popularmente conhecido como design para dispositivos m\u00f3veis, o Website RESPONSIVO tem sua import\u00e2ncia cada dia maior devido ao aumento no n\u00famero de usu\u00e1rios de smartphones e tablets, pois, permite que o cliente entre em contato com a empresa de onde quer que esteja acessando seu celular, tablet, notebook ou desktop , o que aumenta muito a satisfa\u00e7\u00e3o e usabilidade do mesmo.<\/p>\n<h3 class=\"v3\">Conte\u00fado<\/h3>\n<p>Em nossa equipe possu\u00edmos uma equipe de atendimento e reda\u00e7\u00e3o para dar todo o suporte na coleta e gera\u00e7\u00e3o de conte\u00fados atrativos. O objetivo \u00e9 fazer com o internauta se interesse pelo seu neg\u00f3cio atrav\u00e9s de informa\u00e7\u00f5es precisas e tenha confian\u00e7a para fazer um contato e gerar um novo neg\u00f3cio.<\/p>\n<h3 class=\"v3\">SEO<\/h3>\n<p>Hoje o Google \u00e9 o principal meio de pesquisa do mundo, sendo assim, estar entre os primeiros nos resultados \u00e9 um grande diferencial para a gera\u00e7\u00e3o de neg\u00f3cios. A BELOTIINFO se tornou especialista em construir e dar a manuten\u00e7\u00e3o correta ao seu site de forma que este alcance as primeiras posi\u00e7\u00f5es no google.<\/p>\n<h1 class=\"v1 h1\">Manuten\u00e7\u00e3o de computadores e notbooks<\/h1>\n<p>A manuten\u00e7\u00e3o preventiva de computadores \u00e9 um servi\u00e7o que evita ao m\u00e1ximo que sua empresa venha a ter contratempos ou problemas com os equipamentos de inform\u00e1tica. Agende com anteced\u00eancia.<\/p>\n<p>Manuten\u00e7\u00e3o corretiva de computadores: realizamos todas as tarefas de manuten\u00e7\u00e3o corretiva de computadores visando que seus equipamentos voltem a funcionar corretamente e sem problemas, visando o menor custo para o cliente.<\/p>\n<p>Realizamos uma an\u00e1lise da instala\u00e7\u00e3o e configura\u00e7\u00e3o do sistema operacional e dos equipamentos, e ainda instalamos todos os programas necess\u00e1rios para um melhor desempenho do seu computador proporcionando um sistema mais eficiente.<\/p>\n<p>Nossos servi\u00e7os de manuten\u00e7\u00e3o de computadores s\u00e3o realizados por especialistas no diagn\u00f3stico e conserto de qualquer marca ou modelo de dispositivo.<\/p>\n<p><b>Como Funciona:<\/b><\/p>\n<p>Voc\u00ea recebe em sua empresa a visita de um de nossos t\u00e9cnicos periodicamente para evitar imprevistos ou perdas de dados e ainda conta com suporte via telefone, suporte remoto, chat ou com visitas no local do chamado.<\/p>\n<p><b>Servi\u00e7os mais comuns:<\/b><\/p>\n<ul>\n<li>Limpeza interna e externa;<\/li>\n<li>Terceiriza\u00e7\u00e3o em Inform\u00e1tica (T\u00e9cnicos, Analistas e Suporte);<\/li>\n<li>Instala\u00e7\u00e3o, Manuten\u00e7\u00e3o e Suporte em Sistemas Operacionais;<\/li>\n<li>Instala\u00e7\u00e3o e Configura\u00e7\u00e3o de Servidores;<\/li>\n<li>Monitoramento de Servidores e Computadores;<\/li>\n<li>Monitoramento, Seguran\u00e7a e Gest\u00e3o de Trafego de Redes;<\/li>\n<li>Instala\u00e7\u00e3o, Configura\u00e7\u00e3o e Manuten\u00e7\u00e3o de Redes;<\/li>\n<li>Instala\u00e7\u00e3o, Configura\u00e7\u00e3o e Manuten\u00e7\u00e3o de Hardware e Software;<\/li>\n<li>Detec\u00e7\u00e3o de V\u00edrus, Remo\u00e7\u00e3o e Prote\u00e7\u00e3o;<\/li>\n<li>Defini\u00e7\u00e3o e Verifica\u00e7\u00e3o de Pol\u00edtica de Backups;<\/li>\n<li>Adotamos um perfil de atendimento personalizado \u00e0s necessidades de cada cliente, sempre visando prestar servi\u00e7os com qualidade, rapidez e baixo custo.<\/li>\n<li>Ativa\u00e7\u00e3o de apps (IBO PLAYER E IBO PLAYER PRO)<\/li>\n<li><b>Algumas vantagens nos servi\u00e7os de manuten\u00e7\u00e3o:<\/b>\n<ul>\n<li>T\u00e9cnicos sempre \u00e0 disposi\u00e7\u00e3o;<\/li>\n<li>Esclarecimentos de d\u00favidas;<\/li>\n<li>Assist\u00eancia remota ou visita no local;<\/li>\n<li>Atendimento priorit\u00e1rio e muito mais r\u00e1pido;<\/li>\n<\/ul>\n<p>Sua empresa ter\u00e1 sempre \u00e0 disposi\u00e7\u00e3o os conhecimentos de novas tecnologias presentes no mercado com a nossa equipe sempre atualizada<\/li>\n<\/ul>\n","protected":false},"excerpt":{"rendered":"<p>Cria\u00e7\u00e3o de Sites O site de uma empresa deixou de ser apenas uma vitrine virtual faz tempo. Hoje, al\u00e9m de expor os produtos e servi\u00e7os ele deve gerar neg\u00f3cios, ser um canal de comunica\u00e7\u00e3o com clientes e fornecedores, aparecer nos sistemas de busca e muito mais. As empresas precisam de uma ag\u00eancia que n\u00e3o s\u00f3&hellip; <br \/> <a class=\"button small blue\" href=\"https:\/\/www.belotiinfo.com.br\/index.php\/servicos\/\">Leia mais<\/a><\/p>\n","protected":false},"author":1,"featured_media":0,"parent":0,"menu_order":0,"comment_status":"closed","ping_status":"closed","template":"Page-fullwidth.php","meta":{"footnotes":""},"class_list":["post-20","page","type-page","status-publish","hentry"],"_links":{"self":[{"href":"https:\/\/www.belotiinfo.com.br\/index.php\/wp-json\/wp\/v2\/pages\/20"}],"collection":[{"href":"https:\/\/www.belotiinfo.com.br\/index.php\/wp-json\/wp\/v2\/pages"}],"about":[{"href":"https:\/\/www.belotiinfo.com.br\/index.php\/wp-json\/wp\/v2\/types\/page"}],"author":[{"embeddable":true,"href":"https:\/\/www.belotiinfo.com.br\/index.php\/wp-json\/wp\/v2\/users\/1"}],"replies":[{"embeddable":true,"href":"https:\/\/www.belotiinfo.com.br\/index.php\/wp-json\/wp\/v2\/comments?post=20"}],"version-history":[{"count":8,"href":"https:\/\/www.belotiinfo.com.br\/index.php\/wp-json\/wp\/v2\/pages\/20\/revisions"}],"predecessor-version":[{"id":204,"href":"https:\/\/www.belotiinfo.com.br\/index.php\/wp-json\/wp\/v2\/pages\/20\/revisions\/204"}],"wp:attachment":[{"href":"https:\/\/www.belotiinfo.com.br\/index.php\/wp-json\/wp\/v2\/media?parent=20"}],"curies":[{"name":"wp","href":"https:\/\/api.w.org\/{rel}","templated":true}]}}