{"id":2,"date":"2018-06-22T16:37:28","date_gmt":"2018-06-22T19:37:28","guid":{"rendered":"https:\/\/www.belotiinfo.com.br\/?page_id=2"},"modified":"2018-06-22T17:05:18","modified_gmt":"2018-06-22T20:05:18","slug":"empresa","status":"publish","type":"page","link":"https:\/\/www.belotiinfo.com.br\/index.php\/empresa\/","title":{"rendered":"Empresa"},"content":{"rendered":"<h1 class=\"titulo-empresa\">BELOTI Inform\u00e1tica<\/h1>\n<p class=\"texto-empresa2\">A BELOTI Inform\u00e1tica mant\u00e9m um alto padr\u00e3o de qualidade. Aliando toda efici\u00eancia necess\u00e1ria e o atendimento personalizado \u00e0 constante busca de novos servi\u00e7os, a BELOTI Inform\u00e1tica aponta as solu\u00e7\u00f5es mais inteligentes em micro inform\u00e1tica, objetivando otimizar os processos produtivos da sua empresa, integrando solu\u00e7\u00f5es.<\/p>\n<p>Al\u00e9m do desenvolvimento e atualiza\u00e7\u00e3o de softwares, manuten\u00e7\u00e3o de hardware, implanta\u00e7\u00e3o de redes locais e loca\u00e7\u00e3o de equipamentos, a BELOTI Inform\u00e1tica disp\u00f5e de outros servi\u00e7os, que certamente v\u00e3o ao encontro do que sua empresa precisa, centralizando os problemas de micro inform\u00e1tica em uma \u00fanica empresa.<\/p>\n<p><b>Nossa forma de trabalhar<\/b><\/p>\n<p><b>1. Responsabilidade em primeiro lugar<\/b><\/p>\n<p>Tomamos todas as medidas preventivas para eliminar prontamente qualquer inatividade dos sistemas para que sua empresa possa funcionar sem interrup\u00e7\u00e3o.<\/p>\n<p><b>2. O melhor da tecnologia nos neg\u00f3cios<\/b><\/p>\n<p>Iremos implementar estrat\u00e9gias e solu\u00e7\u00f5es comprovadas para maximizar um maior valor para o seu neg\u00f3cio. Vamos trabalhar com um planejamento objetivo e estabelecer cronogramas para realiza\u00e7\u00e3o de inspe\u00e7\u00f5es e manuten\u00e7\u00f5es preventivas para ajudar a sua empresa a atingir suas metas comerciais.<\/p>\n<p><b>3. Visitas peri\u00f3dicas para preven\u00e7\u00e3o e manuten\u00e7\u00e3o<\/b><\/p>\n<p>Visitas peri\u00f3dicas para preven\u00e7\u00e3o e regulariza\u00e7\u00e3o, mudando e atualizando seus sistemas para facilitar as necessidades da sua empresa, vamos garantir que seus sistemas possam fazer e o que eles est\u00e3o destinados a fazer.<\/p>\n","protected":false},"excerpt":{"rendered":"<p>BELOTI Inform\u00e1tica A BELOTI Inform\u00e1tica mant\u00e9m um alto padr\u00e3o de qualidade. Aliando toda efici\u00eancia necess\u00e1ria e o atendimento personalizado \u00e0 constante busca de novos servi\u00e7os, a BELOTI Inform\u00e1tica aponta as solu\u00e7\u00f5es mais inteligentes em micro inform\u00e1tica, objetivando otimizar os processos produtivos da sua empresa, integrando solu\u00e7\u00f5es. Al\u00e9m do desenvolvimento e atualiza\u00e7\u00e3o de softwares, manuten\u00e7\u00e3o de&hellip; <br \/> <a class=\"button small blue\" href=\"https:\/\/www.belotiinfo.com.br\/index.php\/empresa\/\">Leia mais<\/a><\/p>\n","protected":false},"author":1,"featured_media":0,"parent":0,"menu_order":0,"comment_status":"closed","ping_status":"open","template":"Page-fullwidth.php","meta":{"footnotes":""},"class_list":["post-2","page","type-page","status-publish","hentry"],"_links":{"self":[{"href":"https:\/\/www.belotiinfo.com.br\/index.php\/wp-json\/wp\/v2\/pages\/2"}],"collection":[{"href":"https:\/\/www.belotiinfo.com.br\/index.php\/wp-json\/wp\/v2\/pages"}],"about":[{"href":"https:\/\/www.belotiinfo.com.br\/index.php\/wp-json\/wp\/v2\/types\/page"}],"author":[{"embeddable":true,"href":"https:\/\/www.belotiinfo.com.br\/index.php\/wp-json\/wp\/v2\/users\/1"}],"replies":[{"embeddable":true,"href":"https:\/\/www.belotiinfo.com.br\/index.php\/wp-json\/wp\/v2\/comments?post=2"}],"version-history":[{"count":1,"href":"https:\/\/www.belotiinfo.com.br\/index.php\/wp-json\/wp\/v2\/pages\/2\/revisions"}],"predecessor-version":[{"id":19,"href":"https:\/\/www.belotiinfo.com.br\/index.php\/wp-json\/wp\/v2\/pages\/2\/revisions\/19"}],"wp:attachment":[{"href":"https:\/\/www.belotiinfo.com.br\/index.php\/wp-json\/wp\/v2\/media?parent=2"}],"curies":[{"name":"wp","href":"https:\/\/api.w.org\/{rel}","templated":true}]}}