{"id":145,"date":"2023-12-24T15:56:12","date_gmt":"2023-12-24T18:56:12","guid":{"rendered":"https:\/\/www.belotiinfo.com.br\/index.php\/one-page-express\/"},"modified":"2024-08-19T19:00:02","modified_gmt":"2024-08-19T22:00:02","slug":"one-page-express","status":"publish","type":"page","link":"https:\/\/www.belotiinfo.com.br\/","title":{"rendered":"Front Page"},"content":{"rendered":"<div  data-label=\"Overlapable\" data-id=\"stripped-features-overlapped-icons-section\" data-category=\"overlapable\" class=\"features-overlapped-icons-section stripped-features-overlapped-icons-section\" data-overlap=\"true\" id=\"overlapable-4\" style=\"background-color: rgb(255, 255, 255);\"> <div  class=\"gridContainer\"> <div  class=\"features-overlapped-icons-featuresrow flexbox-list\" data-type=\"row\"> <div  class=\"features-large-icons-featcol cp3cols cp6cols-tablet\"> <div  class=\"features-overlapped-icons-featinnerrow\"> <div  class=\"features-icon-container\"><i  data-cp-fa=\"true\" class=\"font-icon-features-icon-container fa fa-television\"><\/i> <\/div>\t<div  data-type=\"column\" class=\"\"> <h4  class=\"\">ATIVE APP<\/h4> <p  class=\"\">Uma empresa de&nbsp; ativa\u00e7\u00f5es de aplicativos de m\u00eddias que s\u00e3o encontrados nas televis\u00f5es smart e android.<\/p><a href=\"#\" class=\"\" target=\"_self\" rel=\"noopener\"><\/a> <a href=\"https:\/\/www.belotiinfo.com.br\/index.php\/ibo-player\" class=\"\" target=\"_self\" rel=\"noopener\"><\/a><a href=\"https:\/\/www.belotiinfo.com.br\/index.php\/ibo-player\" class=\"\" target=\"_self\" rel=\"noopener\"><\/a><a href=\"https:\/\/www.belotiinfo.com.br\/index.php\/ibo-player\" class=\"\" target=\"_self\" rel=\"noopener\"><\/a><a href=\"https:\/\/www.belotiinfo.com.br\/index.php\/ibo-player\" class=\"\" target=\"_self\" rel=\"noopener\">Saiba mais<\/a><\/div><\/div> <\/div> <div  class=\"features-large-icons-featcol cp3cols cp6cols-tablet\"> <div  class=\"features-overlapped-icons-featinnerrow\"> <div  class=\"features-icon-container\"><i  data-cp-fa=\"true\" class=\"font-icon-features-icon-container fa fa-cloud\"><\/i> <\/div>\t<div  data-type=\"column\" class=\"\"> <h4  class=\"\">Backup em nuvem<\/h4> <p  class=\"\">Funciona por meio da c\u00f3pia e do armazenamento dos arquivos do seu servidor,&nbsp; com total seguran\u00e7a.<\/p><a href=\"https:\/\/www.belotiinfo.com.br\/index.php\/servicos\" class=\"\" target=\"_self\" rel=\"noopener\"><\/a> <a href=\"https:\/\/www.belotiinfo.com.br\/index.php\/servicos\" class=\"\" target=\"_self\" rel=\"noopener\"><\/a><a href=\"https:\/\/www.belotiinfo.com.br\/index.php\/servicos\" class=\"\" target=\"_self\" rel=\"noopener\"><\/a><a href=\"https:\/\/www.belotiinfo.com.br\/index.php\/servicos\" class=\"\" target=\"_self\" rel=\"noopener\"><\/a><a href=\"https:\/\/www.belotiinfo.com.br\/index.php\/servicos\" class=\"\" target=\"_self\" rel=\"noopener\">Saiba mais<\/a><\/div><\/div> <\/div> <div  class=\"features-large-icons-featcol cp3cols cp6cols-tablet\"> <div  class=\"features-overlapped-icons-featinnerrow\"> <div  class=\"features-icon-container\"><i  data-cp-fa=\"true\" class=\"font-icon-features-icon-container fa fa-mixcloud\"><\/i> <\/div>\t<div  data-type=\"column\" class=\"\"> <h4  class=\"\">Hospedagem<\/h4> <p  class=\"\">Gerenciamento e armazenamento dos dados&nbsp; (emails, sites, loja virtual,) possibilitar\u00e1 que seu site seja visualizado.<\/p><a href=\"https:\/\/www.belotiinfo.com.br\/index.php\/servicos\" class=\"\" target=\"_self\" rel=\"noopener\"><\/a> <a href=\"https:\/\/www.belotiinfo.com.br\/index.php\/servicos\" class=\"\" target=\"_self\" rel=\"noopener\"><\/a><a href=\"https:\/\/www.belotiinfo.com.br\/index.php\/servicos\" class=\"\" target=\"_self\" rel=\"noopener\">Saiba mais<\/a><\/div><\/div> <\/div> <div  class=\"features-large-icons-featcol cp3cols cp6cols-tablet\"> <div  class=\"features-overlapped-icons-featinnerrow\"> <div  class=\"features-icon-container\"><i  data-cp-fa=\"true\" class=\"font-icon-features-icon-container fa fa-cogs\"><\/i> <\/div>\t<div  data-type=\"column\" class=\"\"> <h4  class=\"\">Gest\u00e3o em TI<\/h4> <p  class=\"\">An\u00e1lise pr\u00e9via do funcionamento e execu\u00e7\u00e3o,&nbsp; e aplicando a\u00e7\u00f5es que visem evitar&nbsp; &nbsp;determinados erros.<\/p><a href=\"https:\/\/www.belotiinfo.com.br\/index.php\/servicos\" class=\"\" target=\"_self\" rel=\"noopener\"><\/a> <a href=\"https:\/\/www.belotiinfo.com.br\/index.php\/servicos\" class=\"\" target=\"_self\" rel=\"noopener\"><\/a><a href=\"https:\/\/www.belotiinfo.com.br\/index.php\/servicos\" class=\"\" target=\"_self\" rel=\"noopener\"><\/a><a href=\"https:\/\/www.belotiinfo.com.br\/index.php\/servicos\" class=\"\" target=\"_self\" rel=\"noopener\">Saiba mais<\/a><\/div><\/div> <\/div> <\/div> <\/div><\/div><div  data-label=\"Content\" data-id=\"content-image-right\" data-category=\"content\" class=\"content-right-image-section content-image-right\" id=\"content-4\" style=\"background-color: rgb(246, 246, 246);\"> <div  class=\"gridContainer\"> <div  class=\"content-right-image-gridcol\"> <div  class=\"content-right-image-textcol dynamic-color\" data-type=\"column\"> <h2  class=\"\">GEST\u00c3O EM TI.<\/h2> <p  class=\"large_text\">A gest\u00e3o de TI \u00e9 a \u00e1rea que administra os recursos tecnol\u00f3gicos de uma organiza\u00e7\u00e3o de forma estrat\u00e9gica, buscando utiliz\u00e1-la de acordo com as metas e objetivos do neg\u00f3cio.<br ><br >Mas, al\u00e9m de controlar os recursos e manter os sistemas em funcionamento, a gest\u00e3o de TI busca tamb\u00e9m aprimorar os processos internos, garantir a integridade dos dados, e promover a efic\u00e1cia das opera\u00e7\u00f5es.<\/p> <a class=\"button blue\" href=\"https:\/\/www.belotiinfo.com.br\/index.php\/solucoes\" target=\"_self\" rel=\"noopener\"> Saiba mais <\/a> <\/div> <div  class=\"content-right-image-imgcol\" data-type=\"column\"> <img  decoding=\"async\" src=\"https:\/\/www.belotiinfo.com.br\/wp-content\/uploads\/2024\/08\/Projetos-em-gestao-de-ti-800x473-1.webp\" class=\"\" alt=\"\"> <img  decoding=\"async\" class=\"custom-image\" src=\"https:\/\/www.belotiinfo.com.br\/wp-content\/uploads\/2024\/08\/IMAGEMGovernanca-vs-Gestao-de-TI.png\" alt=\"\"><\/div> <\/div> <\/div> <\/div><div data-label=\"About\" data-id=\"about-big-images-section\" data-category=\"about\" class=\"about-big-images-section\" id=\"about-1\"  style=\"background-color: rgb(255, 255, 255);\"> <div class=\"gridContainer\" > <div class=\"about-big-images-textrow\" > <div class=\"about-big-images-textcol dynamic-color\" data-type=\"column\" >  <h3 class=\"\" >O Que \u00e9 Hospedagem e gerenciamento de Dom\u00ednio?<\/h3> <p class=\"\" >Como o nome sugere, hospedagem de dom\u00ednio \u00e9 um servi\u00e7o que hospeda nomes de dom\u00ednios para o seu site.Como o nome sugere, hospedagem de dom\u00ednio \u00e9 um servi\u00e7o que hospeda nomes de dom\u00ednios para o seu site.\n<br ><br >O gerenciamento de dom\u00ednios, tamb\u00e9m conhecido como gerenciamento de nomes de dom\u00ednio, \u00e9 a pr\u00e1tica de manter um portf\u00f3lio de dom\u00ednios da Web ativos, registrados, est\u00e1veis e protegidos de uma ampla variedade de amea\u00e7as.<\/p> <a class=\"button blue big\" href=\"#\" target=\"_self\" rel=\"noopener\">Saiba mais<\/a> <\/div> <\/div> <\/div> <div class=\"about-big-images-bottomrow\" > <div class=\"about-big-images-leftimgcol\" ><img decoding=\"async\" class=\"about-big-images-leftimg\" src=\"https:\/\/www.belotiinfo.com.br\/wp-content\/uploads\/2019\/06\/01155635072250.jpg\"  alt=\"\"> <\/div> <div class=\"about-big-images-centerimgcol\" ><img decoding=\"async\" class=\"about-big-images-centerimg\" src=\"https:\/\/www.belotiinfo.com.br\/wp-content\/uploads\/2024\/08\/dominio-e-hospedagem-606x366-1.webp\"  alt=\"\"> <\/div> <div class=\"about-big-images-rightimgcol\" ><img decoding=\"async\" class=\"about-big-images-rightimg\" src=\"https:\/\/www.belotiinfo.com.br\/wp-content\/uploads\/2024\/08\/O-que-e-hospedagem-de-sites.jpg\"  alt=\"\"> <\/div> <\/div> <\/div><div  id=\"content-3\" style=\"background-color: #ffffff;\" data-label=\"Content\" data-id=\"content-image-left\" data-category=\"content\" class=\"content-left-image-section\"> <div  class=\"gridContainer\"> <div  class=\"row\"> <div  class=\"content-left-image-imgcol\" data-type=\"column\"> <img  decoding=\"async\" src=\"https:\/\/www.belotiinfo.com.br\/wp-content\/uploads\/2024\/08\/https___6a9bd0424edabae5e843df4b48b6f4c6.cdn_.bubble.io_f1703873054249x806057847888387100_Black20Gradient20Modern20Logo.png\" class=\"\" alt=\"\"> <\/div> <div  class=\"content-left-image-textcol dynamic-color\" data-type=\"column\"> <h2  class=\"\">Aten\u00e7\u00e3o<\/h2> <p  class=\"large_text\">Somos somente revendedores da licen\u00e7a de uso, n\u00e3o somos os desenvolvedores do aplicativo e nem respons\u00e1veis por ele. Essa p\u00e1gina \u00e9 somente um meio r\u00e1pido de pagamento e ativa\u00e7\u00e3o do aplicativo de forma online.<\/p>  <p  class=\"\">Caso tenha interesse somente no conte\u00fado, tamb\u00e9m \u00e9 possivel solicitar pelo Whatsapp.<\/p><p  class=\"\">Para a ativa\u00e7\u00e3o da licen\u00e7a ser\u00e1 nesess\u00e1rio o envio as informa\u00e7\u00f5es do aplicativo pelo WhatsApp.<\/p><a class=\"button blue\" href=\"https:\/\/api.whatsapp.com\/send?phone=5516991496750\" target=\"_self\" rel=\"noopener\">WhatsApp<\/a><\/div> <\/div> <\/div> <\/div><div  data-label=\"Call to action\" data-id=\"cta-blue-section\" data-category=\"cta\" class=\"cta-blue-section\" id=\"cta-1\"> <div  class=\"gridContainer\"> <div  class=\"flexbox-list flexbox-list-align-center row\"> <div  class=\"cta-blue-textcol dynamic-color\"> <h2  class=\"cta-blue-text\"><b >D\u00favidas?<\/b><\/h2> <\/div> <div  class=\"cta-blue-btncol\"> <a class=\"button big yellow dark-text\" href=\"https:\/\/api.whatsapp.com\/send?phone=5516991496750\" target=\"_self\" rel=\"noopener\">CHAMAR NO WHATSAPP<\/a> <\/div> <\/div> <\/div> <\/div>","protected":false},"excerpt":{"rendered":"<p>ATIVE APP Uma empresa de&nbsp; ativa\u00e7\u00f5es de aplicativos de m\u00eddias que s\u00e3o encontrados nas televis\u00f5es smart e android. Saiba mais Backup em nuvem Funciona por meio da c\u00f3pia e do armazenamento dos arquivos do seu servidor,&nbsp; com total seguran\u00e7a. Saiba mais Hospedagem Gerenciamento e armazenamento dos dados&nbsp; (emails, sites, loja virtual,) possibilitar\u00e1 que seu site&hellip; <br \/> <a class=\"button small blue\" href=\"https:\/\/www.belotiinfo.com.br\/index.php\/2f7808f76b1cb02fd03d7db619b6101d5f18217681385b1a9bf23a3c886d6263year2f7808f76b1cb02fd03d7db619b6101d5f18217681385b1a9bf23a3c886d6263\/2f7808f76b1cb02fd03d7db619b6101d5f18217681385b1a9bf23a3c886d6263monthnum2f7808f76b1cb02fd03d7db619b6101d5f18217681385b1a9bf23a3c886d6263\/2f7808f76b1cb02fd03d7db619b6101d5f18217681385b1a9bf23a3c886d6263day2f7808f76b1cb02fd03d7db619b6101d5f18217681385b1a9bf23a3c886d6263\/2f7808f76b1cb02fd03d7db619b6101d5f18217681385b1a9bf23a3c886d6263postname2f7808f76b1cb02fd03d7db619b6101d5f18217681385b1a9bf23a3c886d6263\/\">Leia mais<\/a><\/p>\n","protected":false},"author":1,"featured_media":0,"parent":0,"menu_order":0,"comment_status":"closed","ping_status":"closed","template":"","meta":{"footnotes":""},"class_list":["post-145","page","type-page","status-publish","hentry"],"_links":{"self":[{"href":"https:\/\/www.belotiinfo.com.br\/index.php\/wp-json\/wp\/v2\/pages\/145"}],"collection":[{"href":"https:\/\/www.belotiinfo.com.br\/index.php\/wp-json\/wp\/v2\/pages"}],"about":[{"href":"https:\/\/www.belotiinfo.com.br\/index.php\/wp-json\/wp\/v2\/types\/page"}],"author":[{"embeddable":true,"href":"https:\/\/www.belotiinfo.com.br\/index.php\/wp-json\/wp\/v2\/users\/1"}],"replies":[{"embeddable":true,"href":"https:\/\/www.belotiinfo.com.br\/index.php\/wp-json\/wp\/v2\/comments?post=145"}],"version-history":[{"count":203,"href":"https:\/\/www.belotiinfo.com.br\/index.php\/wp-json\/wp\/v2\/pages\/145\/revisions"}],"predecessor-version":[{"id":726,"href":"https:\/\/www.belotiinfo.com.br\/index.php\/wp-json\/wp\/v2\/pages\/145\/revisions\/726"}],"wp:attachment":[{"href":"https:\/\/www.belotiinfo.com.br\/index.php\/wp-json\/wp\/v2\/media?parent=145"}],"curies":[{"name":"wp","href":"https:\/\/api.w.org\/{rel}","templated":true}]}}